{"id":11,"date":"2021-05-25T07:06:58","date_gmt":"2021-05-25T07:06:58","guid":{"rendered":"https:\/\/achilleus.endre.pri.ee\/boccia\/?page_id=11"},"modified":"2021-05-26T16:15:06","modified_gmt":"2021-05-26T16:15:06","slug":"boccia-tutvustus","status":"publish","type":"page","link":"https:\/\/achilleus.endre.pri.ee\/boccia\/","title":{"rendered":"Boccia tutvustus"},"content":{"rendered":"\n<figure class=\"wp-block-embed is-type-video is-provider-youtube wp-block-embed-youtube wp-embed-aspect-16-9 wp-has-aspect-ratio\"><div class=\"wp-block-embed__wrapper\">\n<iframe loading=\"lazy\" title=\"Paralympic Sports A-Z: Boccia\" width=\"500\" height=\"281\" src=\"https:\/\/www.youtube.com\/embed\/eYXL_782-Lo?feature=oembed\" frameborder=\"0\" allow=\"accelerometer; autoplay; clipboard-write; encrypted-media; gyroscope; picture-in-picture; web-share\" referrerpolicy=\"strict-origin-when-cross-origin\" allowfullscreen><\/iframe>\n<\/div><\/figure>\n\n\n\n<p>Boccia oli aastaid lihtsalt vaba aja veetmise v\u00f5imalus, kuni sellest sai 1984. aasta New Yorgi paraol\u00fcmpial ametlik v\u00f5istlusspordiala.<\/p>\n\n\n\n<p>Seda spordiala m\u00e4ngivad t\u00e4na laste tserebraalparal\u00fc\u00fcsi v\u00f5i sellega seotud n\u00e4rvikahjustusega ratastoolikasutajad rohkem kui 50 erinevas riigis. K\u00f5ikidel aladel saavad v\u00f5istelda m\u00f5lema soo esindajad nii paaris kui ka suuremate v\u00f5istkondadena ning ka individuaalselt. M\u00e4ng koosneb neljast voorust individuaal ning paarisv\u00f5istkondade aladel ning kuuest voorust meeskonna aladel. Bocciat m\u00e4ngitakse k\u00f5val pinnasel ning eesm\u00e4rgiks on visata pallikesi n\u00f5nda, et nad maanduksid m\u00e4rkpallile v\u00f5imalikult l\u00e4hedale.<br>2012. aasta Londoni paraol\u00fcmpial v\u00f5istlesid 104 sportlast 7 medalialal.<\/p>\n","protected":false},"excerpt":{"rendered":"<p>Boccia oli aastaid lihtsalt vaba aja veetmise v\u00f5imalus, kuni sellest sai 1984. aasta New Yorgi paraol\u00fcmpial ametlik v\u00f5istlusspordiala. Seda spordiala m\u00e4ngivad t\u00e4na laste tserebraalparal\u00fc\u00fcsi v\u00f5i sellega seotud n\u00e4rvikahjustusega ratastoolikasutajad rohkem kui 50 erinevas riigis. K\u00f5ikidel aladel saavad v\u00f5istelda m\u00f5lema soo esindajad nii paaris kui ka suuremate v\u00f5istkondadena ning ka individuaalselt. M\u00e4ng koosneb neljast voorust individuaal [&hellip;]<\/p>\n","protected":false},"author":1,"featured_media":0,"parent":0,"menu_order":0,"comment_status":"closed","ping_status":"closed","template":"","meta":{"_acf_changed":false,"footnotes":""},"class_list":["post-11","page","type-page","status-publish","hentry"],"acf":[],"_links":{"self":[{"href":"https:\/\/achilleus.endre.pri.ee\/boccia\/wp-json\/wp\/v2\/pages\/11","targetHints":{"allow":["GET"]}}],"collection":[{"href":"https:\/\/achilleus.endre.pri.ee\/boccia\/wp-json\/wp\/v2\/pages"}],"about":[{"href":"https:\/\/achilleus.endre.pri.ee\/boccia\/wp-json\/wp\/v2\/types\/page"}],"author":[{"embeddable":true,"href":"https:\/\/achilleus.endre.pri.ee\/boccia\/wp-json\/wp\/v2\/users\/1"}],"replies":[{"embeddable":true,"href":"https:\/\/achilleus.endre.pri.ee\/boccia\/wp-json\/wp\/v2\/comments?post=11"}],"version-history":[{"count":3,"href":"https:\/\/achilleus.endre.pri.ee\/boccia\/wp-json\/wp\/v2\/pages\/11\/revisions"}],"predecessor-version":[{"id":24,"href":"https:\/\/achilleus.endre.pri.ee\/boccia\/wp-json\/wp\/v2\/pages\/11\/revisions\/24"}],"wp:attachment":[{"href":"https:\/\/achilleus.endre.pri.ee\/boccia\/wp-json\/wp\/v2\/media?parent=11"}],"curies":[{"name":"wp","href":"https:\/\/api.w.org\/{rel}","templated":true}]}}