{"id":13,"date":"2021-05-25T07:07:53","date_gmt":"2021-05-25T07:07:53","guid":{"rendered":"https:\/\/achilleus.endre.pri.ee\/boccia\/?page_id=13"},"modified":"2021-05-25T07:07:53","modified_gmt":"2021-05-25T07:07:53","slug":"klassifiktsioon","status":"publish","type":"page","link":"https:\/\/achilleus.endre.pri.ee\/boccia\/klassifiktsioon\/","title":{"rendered":"Klassifiktsioon"},"content":{"rendered":"\n<p>Video on m\u00f5juv\u00f5imas vahend oma seisukohtade selgitamiseks. Nupu Veebivideo kl\u00f5psamisel saate kleepida lisatava video manustamiskoodi. V\u00f5ite ka tippida m\u00e4rks\u00f5na, et otsida veebist video, mis teie dokumendiga k\u00f5ige paremini sobib.<\/p>\n\n\n\n<p>Dokumendile professionaalse ilme andmiseks pakub Word p\u00e4ise, jaluse, esilehe ja tekstiv\u00e4lja kujundusi, mis \u00fcksteist t\u00e4iendavad. N\u00e4iteks saate lisada sobiva esilehe, p\u00e4ise ja k\u00f5rvalloo. Kl\u00f5psake nuppu Lisa ja seej\u00e4rel valige eri galeriidest soovitud elemendid.<\/p>\n\n\n\n<p>Kujundused ja laadid aitavad teil dokumendi ilmet \u00fchtlustada. Kui kl\u00f5psate nuppu Kujundus ja valite uue kujunduse, muudetakse pildid, diagrammid ning SmartArt-pildid teie uuele kujundusele vastavaks. Laadide rakendamise korral viiakse pealkirjad uue kujundusega vastavusse.<\/p>\n\n\n\n<p>Uued nupud, mis kuvatakse seal, kus neid vajate, aitavad Wordis aega s\u00e4\u00e4sta. Dokumendis oleva pildi sobitamisviisi muutmiseks kl\u00f5psake pilti ja seej\u00e4rel pildi k\u00f5rval kuvatavat k\u00fcljendussuvandite nuppu. Kui t\u00f6\u00f6tate tabeliga, kl\u00f5psake k\u00f5igepealt kohta, kuhu soovite rea v\u00f5i veeru lisada, ning seej\u00e4rel plussm\u00e4rki.<\/p>\n\n\n\n<p>Ka lugemine on uues lugemisvaates lihtsam. Saate dokumendi osi ahendada ja keskenduda soovitud tekstile. Kui teil on vaja lugemine peatada enne l\u00f5puni j\u00f5udmist, peab Word meeles, kuhu pooleli j\u00e4ite \u2013 seda isegi teises seadmes.<\/p>\n","protected":false},"excerpt":{"rendered":"<p>Video on m\u00f5juv\u00f5imas vahend oma seisukohtade selgitamiseks. Nupu Veebivideo kl\u00f5psamisel saate kleepida lisatava video manustamiskoodi. V\u00f5ite ka tippida m\u00e4rks\u00f5na, et otsida veebist video, mis teie dokumendiga k\u00f5ige paremini sobib. Dokumendile professionaalse ilme andmiseks pakub Word p\u00e4ise, jaluse, esilehe ja tekstiv\u00e4lja kujundusi, mis \u00fcksteist t\u00e4iendavad. N\u00e4iteks saate lisada sobiva esilehe, p\u00e4ise ja k\u00f5rvalloo. Kl\u00f5psake nuppu Lisa [&hellip;]<\/p>\n","protected":false},"author":1,"featured_media":0,"parent":0,"menu_order":0,"comment_status":"closed","ping_status":"closed","template":"","meta":{"_acf_changed":false,"footnotes":""},"class_list":["post-13","page","type-page","status-publish","hentry"],"acf":[],"_links":{"self":[{"href":"https:\/\/achilleus.endre.pri.ee\/boccia\/wp-json\/wp\/v2\/pages\/13","targetHints":{"allow":["GET"]}}],"collection":[{"href":"https:\/\/achilleus.endre.pri.ee\/boccia\/wp-json\/wp\/v2\/pages"}],"about":[{"href":"https:\/\/achilleus.endre.pri.ee\/boccia\/wp-json\/wp\/v2\/types\/page"}],"author":[{"embeddable":true,"href":"https:\/\/achilleus.endre.pri.ee\/boccia\/wp-json\/wp\/v2\/users\/1"}],"replies":[{"embeddable":true,"href":"https:\/\/achilleus.endre.pri.ee\/boccia\/wp-json\/wp\/v2\/comments?post=13"}],"version-history":[{"count":1,"href":"https:\/\/achilleus.endre.pri.ee\/boccia\/wp-json\/wp\/v2\/pages\/13\/revisions"}],"predecessor-version":[{"id":14,"href":"https:\/\/achilleus.endre.pri.ee\/boccia\/wp-json\/wp\/v2\/pages\/13\/revisions\/14"}],"wp:attachment":[{"href":"https:\/\/achilleus.endre.pri.ee\/boccia\/wp-json\/wp\/v2\/media?parent=13"}],"curies":[{"name":"wp","href":"https:\/\/api.w.org\/{rel}","templated":true}]}}