{"id":44,"date":"2021-07-11T09:51:13","date_gmt":"2021-07-11T09:51:13","guid":{"rendered":"https:\/\/achilleus.endre.pri.ee\/boccia\/?page_id=44"},"modified":"2025-10-21T14:25:48","modified_gmt":"2025-10-21T11:25:48","slug":"boccia-mangijate-edetabel","status":"publish","type":"page","link":"https:\/\/achilleus.endre.pri.ee\/boccia\/ee-boccia\/boccia-mangijate-edetabel\/","title":{"rendered":"Boccia m\u00e4ngijate edetabel"},"content":{"rendered":"\n<p>Edetabelit peetakse arvestust nende sportlaste kohta, kes osalevad Eestis toimuvatel boccia turniiridel (individuaal, paaris ja v\u00f5istkondlik). Iga sportlane, kes alustab turniiri teeb\u00a0 0,5 punkti. Kui sportlane v\u00f5idab kuni poolfinaalini teenib iga v\u00f5idu eest punkti ja viigi eest 0,5 punkti. Sportlased, kes on j\u00f5udunud 1. kuni 4. koha m\u00e4ngudele teenivad \u00a0punkte vastavalt\u00a0 kohale 4. koht teeb 2 punkti, 3. koht teenib 3 punkti, 2. koht teenib 4 punkti ja 1. koht teenib 5 punkti<\/p>\n\n\n\n<p><\/p>\n","protected":false},"excerpt":{"rendered":"<p>Edetabelit peetakse arvestust nende sportlaste kohta, kes osalevad Eestis toimuvatel boccia turniiridel (individuaal, paaris ja v\u00f5istkondlik). Iga sportlane, kes alustab turniiri teeb\u00a0 0,5 punkti. Kui sportlane v\u00f5idab kuni poolfinaalini teenib iga v\u00f5idu eest punkti ja viigi eest 0,5 punkti. Sportlased, kes on j\u00f5udunud 1. kuni 4. koha m\u00e4ngudele teenivad \u00a0punkte vastavalt\u00a0 kohale 4. koht teeb [&hellip;]<\/p>\n","protected":false},"author":1,"featured_media":0,"parent":26,"menu_order":0,"comment_status":"closed","ping_status":"closed","template":"","meta":{"_acf_changed":false,"footnotes":""},"class_list":["post-44","page","type-page","status-publish","hentry"],"acf":[],"_links":{"self":[{"href":"https:\/\/achilleus.endre.pri.ee\/boccia\/wp-json\/wp\/v2\/pages\/44","targetHints":{"allow":["GET"]}}],"collection":[{"href":"https:\/\/achilleus.endre.pri.ee\/boccia\/wp-json\/wp\/v2\/pages"}],"about":[{"href":"https:\/\/achilleus.endre.pri.ee\/boccia\/wp-json\/wp\/v2\/types\/page"}],"author":[{"embeddable":true,"href":"https:\/\/achilleus.endre.pri.ee\/boccia\/wp-json\/wp\/v2\/users\/1"}],"replies":[{"embeddable":true,"href":"https:\/\/achilleus.endre.pri.ee\/boccia\/wp-json\/wp\/v2\/comments?post=44"}],"version-history":[{"count":28,"href":"https:\/\/achilleus.endre.pri.ee\/boccia\/wp-json\/wp\/v2\/pages\/44\/revisions"}],"predecessor-version":[{"id":475,"href":"https:\/\/achilleus.endre.pri.ee\/boccia\/wp-json\/wp\/v2\/pages\/44\/revisions\/475"}],"up":[{"embeddable":true,"href":"https:\/\/achilleus.endre.pri.ee\/boccia\/wp-json\/wp\/v2\/pages\/26"}],"wp:attachment":[{"href":"https:\/\/achilleus.endre.pri.ee\/boccia\/wp-json\/wp\/v2\/media?parent=44"}],"curies":[{"name":"wp","href":"https:\/\/api.w.org\/{rel}","templated":true}]}}