{"id":12,"date":"2021-05-19T11:09:45","date_gmt":"2021-05-19T11:09:45","guid":{"rendered":"https:\/\/achilleus.endre.pri.ee\/kergejoustik\/?page_id=12"},"modified":"2021-05-19T14:59:34","modified_gmt":"2021-05-19T14:59:34","slug":"klassifikatsioon","status":"publish","type":"page","link":"https:\/\/achilleus.endre.pri.ee\/kergejoustik\/klassifikatsioon\/","title":{"rendered":"Klassifikatsioon"},"content":{"rendered":"\t\t\t\t<div class=\"wp-block-uagb-table-of-contents uagb-toc__align-left uagb-toc__columns-1  uagb-block-4364944d     \"\n\t\t\t\t\tdata-scroll= \"1\"\n\t\t\t\t\tdata-offset= \"30\"\n\t\t\t\t\tstyle=\"\"\n\t\t\t\t>\n\t\t\t\t<div class=\"uagb-toc__wrap\">\n\t\t\t\t\t\t<div class=\"uagb-toc__title\">\n\t\t\t\t\t\t\t\t\t\t\t\t\t<\/div>\n\t\t\t\t\t\t\t\t\t\t\t\t\t\t\t\t<div class=\"uagb-toc__list-wrap\">\n\t\t\t\t\t\t<ol class=\"uagb-toc__list\"><li class=\"uagb-toc__list\"><a href=\"#klassifikatsioon-paraatletikas\">Klassifikatsioon paraatletikas<\/a><li class=\"uagb-toc__list\"><a href=\"#abiklbikkuse-mramine\">Abik\u00f5lbikkuse m\u00e4\u00e4ramine<\/a><li class=\"uagb-toc__list\"><a href=\"#spordiklassi-jaotus\">Spordiklassi jaotus<\/a><li class=\"uagb-toc__list\"><a href=\"#rajaalade-klassid\">Rajaalade klassid:<\/a><ul class=\"uagb-toc__list\"><li class=\"uagb-toc__list\"><a href=\"#spordiklassid-vrtuse-languse-tbid\">Spordiklassid (v\u00e4\u00e4rtuse languse t\u00fc\u00fcbid):<\/a><li class=\"uagb-toc__list\"><li class=\"uagb-toc__list\"><a href=\"#spordiklassid-vrtuse-languse-tbid\">Spordiklassid (v\u00e4\u00e4rtuse languse t\u00fc\u00fcbid):<\/a><\/li><\/ul><\/li><li class=\"uagb-toc__list\"><a href=\"#vljakualad\">V\u00e4ljakualad<\/a><ul class=\"uagb-toc__list\"><li class=\"uagb-toc__list\"><a href=\"#spordiklassid-vrtuse-languse-tbid\">Spordiklassid (v\u00e4\u00e4rtuse languse t\u00fc\u00fcbid):<\/a><li class=\"uagb-toc__list\"><li class=\"uagb-toc__list\"><a href=\"#spordiklassid-vrtuse-languse-tbid\">Spordiklassid (v\u00e4\u00e4rtuse languse t\u00fc\u00fcbid):<\/a><\/ul><\/ul><\/ol>\t\t\t\t\t<\/div>\n\t\t\t\t\t\t\t\t\t<\/div>\n\t\t\t\t<\/div>\n\t\t\t\n\n\n<h2 class=\"wp-block-heading\">Klassifikatsioon paraatletikas<\/h2>\n\n\n\n<p>Para kergej\u00f5ustiku maailma klassifitseerimiss\u00fcsteemil on kaks peamist eesm\u00e4rki:<\/p>\n\n\n\n<ul class=\"wp-block-list\"><li><strong>Abik\u00f5lblikkuse kindlaksm\u00e4\u00e4ramine<\/strong><br>S\u00fcsteem m\u00e4\u00e4rab kindlaks, kes on sobilik v\u00f5istlema maailma kergej\u00f5ustiku para v\u00f5istlustel<\/li><li><strong>Spordiklasside jaotamine<\/strong><br>S\u00fcsteem kirjeldab meetodeid, kuidas jaotada k\u00f5lblikud sportlased spordiklassidesse. Eesm\u00e4rk on, et iga klass koosneks sportlastest, kellel on puudeid, mis p\u00f5hjustavad peamistel spordialadel &#8211; jooksmine, ratastoolis\u00f5it, h\u00fcpped ja visked &#8211; ligikaudu sama palju aktiivsuse piiranguid<\/li><\/ul>\n\n\n\n<h2 class=\"wp-block-heading\">Abik\u00f5lbikkuse m\u00e4\u00e4ramine<\/h2>\n\n\n\n<p>Para-kergej\u00f5ustikuks saamiseks peab inimesel olema sobiv kehavigastuse t\u00fc\u00fcp ja see peab olema hinnatud piisavalt raskeks, et m\u00f5jutada kergej\u00f5ustikusporti.<\/p>\n\n\n\n<p>Minimaalse puude kriteeriumid (MDC) on kirjeldatud maailma para kergej\u00f5ustiku klassifikatsiooni reeglites ja m\u00e4\u00e4rustes.<\/p>\n\n\n\n<p>K\u00f5nealuseid kahjustuse t\u00fc\u00fcpe on 10: kaheksa f\u00fc\u00fcsilist, samuti n\u00e4gemis- ja vaimupuudet.<\/p>\n\n\n\n<ul class=\"wp-block-list\"><li><strong>Lihase j\u00f5u halvenemine<\/strong> <br>J\u00e4semete v\u00f5i pagasiruumi lihased on t\u00e4ielikult v\u00f5i osaliselt halvatud selliste seisundite tagaj\u00e4rjel nagu seljaaju vigastus, lastehalvatus v\u00f5i seljaaju.<\/li><li><strong>Passiivse liikumisruumi rikkumine<\/strong> <br>\u00dche v\u00f5i mitme liigese liikumisv\u00f5imalused on trauma, haiguse v\u00f5i kaasas\u00fcndinud defitsiidi (nt sellised seisundid nagu artrogr\u00fcpoos v\u00f5i trauma tagaj\u00e4rjel tekkinud liigesekontraktuur) t\u00f5ttu j\u00e4\u00e4davalt v\u00e4henenud.<\/li><li><strong>J\u00e4seme puudus<\/strong><br>Luude v\u00f5i liigeste t\u00e4ielik v\u00f5i osaline puudumine s\u00fcnnist alates trauma (nt traumaatiline amputatsioon) v\u00f5i haiguse (nt v\u00e4hist tingitud amputatsioon) tagaj\u00e4rjel.<\/li><li><strong>Ataksia<\/strong><br>Lihaste koordineerimise puudumine probleemide t\u00f5ttu keskn\u00e4rvis\u00fcsteemi osades, mis kontrollivad liikumist ja tasakaalu, mis on t\u00fc\u00fcpiline sellistele seisunditele nagu traumaatiline ajukahjustus ja ajuhalvatus.<\/li><li><strong>Atetoos<\/strong><br>Korduvad ja enam-v\u00e4hem pidevad tahtmatud liigutused, mis on p\u00f5hjustatud k\u00f5ikuvast lihastoonusest, mis tuleneb keskn\u00e4rvis\u00fcsteemi probleemidest, t\u00fc\u00fcpiline sellistele seisunditele nagu ajuhalvatus.<\/li><li><strong>H\u00fcpertoonia<\/strong><br>Ebanormaalne lihaspinge suurenemine koos lihaste v\u00e4henenud venimisv\u00f5imega ning liigeste j\u00e4ikus, aeglane liikumine ning kehva kehahoiaga kohanemine ja tasakaal, mis on tingitud keskn\u00e4rvis\u00fcsteemi probleemidest, mis on t\u00fc\u00fcpiline sellistele seisunditele nagu ajuhalvatus, traumaatiline ajukahjustus ja insult.<\/li><li><strong>L\u00fchike kasv<\/strong><br>Seisuk\u00f5rgus ja j\u00e4seme pikkus on v\u00e4henenud selliste seisundite t\u00f5ttu nagu achondroplasia ja osteogenesis imperfecta.<\/li><li><strong>Jala pikkuse erinevus<\/strong><br>Traumast, haigusest v\u00f5i kaasas\u00fcndinud seisundist tingitud jalgade pikkuse erinevus on v\u00e4hemalt 7 cm.<\/li><li><strong>N\u00e4gemise halvenemine<\/strong><br>N\u00e4gemist m\u00f5jutab kas silma struktuuri, optilise n\u00e4rvi \/ radade v\u00f5i n\u00e4gemist kontrolliva ajuosa (n\u00e4gemiskoor) kahjustus.<\/li><li><strong>Intellektuaalne kahjustus<\/strong><br>Piiratud intellektuaalsed funktsioonid ja adaptiivne k\u00e4itumine, mis tuleb diagnoosida enne 18. eluaastat.<\/li><\/ul>\n\n\n\n<h2 class=\"wp-block-heading\">Spordiklassi jaotus<\/h2>\n\n\n\n<p>Para-kergej\u00f5ustikus klassifitseerimise eesm\u00e4rk on minimeerida abik\u00f5lblike kahjustuste m\u00f5ju v\u00f5istluste tulemustele. Selleks hinnatakse sportlasi ja paigutatakse need seej\u00e4rel v\u00f5istluskategooriatesse, mida nimetatakse spordiklassideks, vastavalt sellele, kui palju m\u00f5jutab nende kehvus sportlikku sooritust.<\/p>\n\n\n\n<p>\u00dcldiselt v\u00f5istlevad samas spordiklassis puudega sportlased, kellel on sporditulemustele sarnane m\u00f5ju. S\u00fcsteem tagab, et sportlastel ei \u00f5nnestu lihtsalt seet\u00f5ttu, et neil on h\u00e4ire, mis p\u00f5hjustab v\u00e4hem ebasoodsat olukorda kui konkurentidel, vaid nende oskuste, sihikindluse, taktika, vormisoleku ja ettevalmistuse t\u00f5ttu.<\/p>\n\n\n\n<p>Para kergej\u00f5ustiku klassifikatsiooni numbriline joonis n\u00e4itab kahjustuse taset; mida v\u00e4iksem on iga allahindluse liigi arv, seda raskem on allahindlus.<\/p>\n\n\n\n<h2 class=\"wp-block-heading\">Rajaalade klassid:<\/h2>\n\n\n\n<p>Distsipliin: jooksmine ja h\u00fcppamine (20 klassi)<\/p>\n\n\n\n<h3 class=\"wp-block-heading\">Spordiklassid (v\u00e4\u00e4rtuse languse t\u00fc\u00fcbid):<\/h3>\n\n\n\n<ul class=\"wp-block-list\"><li>T11-13 (n\u00e4gemiskahjustus)<\/li><li>T20 (intellektuaalne kahjustus)<\/li><li>T35-38 (koordinatsioonih\u00e4ired (h\u00fcpertoonia, ataksia ja atetoos))<\/li><li>T40-41 (l\u00fchike kasv)<\/li><li>T42-44 (proteesita v\u00f5istlev alaj\u00e4sem, mida m\u00f5jutab j\u00e4seme puudus, jala pikkuse erinevus, lihaste j\u00f5u v\u00e4henemine v\u00f5i passiivse liikumisruumi halvenemine)<\/li><li>T45-47 (\u00fclaj\u00e4semeid m\u00f5jutavad j\u00e4semepuudulikkus, lihaste j\u00f5u halvenemine v\u00f5i passiivse liikumisruumi halvenemine)<\/li><li>T61-64 (alaj\u00e4semed v\u00f5istlevad proteesiga, mida m\u00f5jutab j\u00e4seme puudus ja jala pikkuse erinevus)<\/li><\/ul>\n\n\n\n<p>Distsipliin: ratastooliga s\u00f5itmine (7 klassi)<\/p>\n\n\n\n<h3 class=\"wp-block-heading\">Spordiklassid (v\u00e4\u00e4rtuse languse t\u00fc\u00fcbid):<\/h3>\n\n\n\n<ul class=\"wp-block-list\"><li>T32-34 (koordinatsioonih\u00e4ired (h\u00fcpertoonia, ataksia ja atetoos))<\/li><li>T51-54 ( j\u00e4semete defitsiit, jala pikkuse erinevus, lihaste j\u00f5u halvenemine v\u00f5i passiivse liikumisruumi halvenemine)<\/li><\/ul>\n\n\n\n<h2 class=\"wp-block-heading\">V\u00e4ljakualad<\/h2>\n\n\n\n<p>Distsipliin: p\u00fcstivisked (19 klassi)<\/p>\n\n\n\n<h3 class=\"wp-block-heading\">Spordiklassid (v\u00e4\u00e4rtuse languse t\u00fc\u00fcbid):<\/h3>\n\n\n\n<ul class=\"wp-block-list\"><li>F11-13 (n\u00e4gemiskahjustus)<\/li><li>F20 (intellektuaalne kahjustus)<\/li><li>F35-38 (koordinatsioonih\u00e4ired (h\u00fcpertoonia, ataksia ja atetoos))<\/li><li>F40-41 (l\u00fchike kasv)<\/li><li>F42-44 (proteesita v\u00f5istlev alaj\u00e4sem, mida m\u00f5jutab j\u00e4seme puudus, jala pikkuse erinevus, lihasj\u00f5u halvenemine v\u00f5i passiivse liikumisruumi halvenemine)<\/li><li>F45-46 (\u00fclaj\u00e4semeid m\u00f5jutavad j\u00e4semepuudulikkus, lihasj\u00f5u halvenemine v\u00f5i passiivse liikumisruumi halvenemine)<\/li><li>F61-64 (alaj\u00e4semed v\u00f5istlevad proteesiga, mida m\u00f5jutab j\u00e4seme puudus ja jala pikkuse erinevus)<\/li><\/ul>\n\n\n\n<p>Dispipliin: Istuvad visked (11 klassi)<\/p>\n\n\n\n<h3 class=\"wp-block-heading\">Spordiklassid (v\u00e4\u00e4rtuse languse t\u00fc\u00fcbid):<\/h3>\n\n\n\n<ul class=\"wp-block-list\"><li>F31-34 (koordinatsioonih\u00e4ired (h\u00fcpertoonia, ataksia ja atetoos))<\/li><li>F51-57 ( j\u00e4semete defitsiit, jala pikkuse erinevus, lihaste j\u00f5u v\u00e4henemine v\u00f5i liikumisruumi halvenemine)<\/li><\/ul>\n","protected":false},"excerpt":{"rendered":"<p>Klassifikatsioon paraatletikas Para kergej\u00f5ustiku maailma klassifitseerimiss\u00fcsteemil on kaks peamist eesm\u00e4rki: Abik\u00f5lblikkuse kindlaksm\u00e4\u00e4ramineS\u00fcsteem m\u00e4\u00e4rab kindlaks, kes on sobilik v\u00f5istlema maailma kergej\u00f5ustiku para v\u00f5istlustel Spordiklasside jaotamineS\u00fcsteem kirjeldab meetodeid, kuidas jaotada k\u00f5lblikud sportlased spordiklassidesse. Eesm\u00e4rk on, et iga klass koosneks sportlastest, kellel on puudeid, mis p\u00f5hjustavad peamistel spordialadel &#8211; jooksmine, ratastoolis\u00f5it, h\u00fcpped ja visked &#8211; ligikaudu sama palju [&hellip;]<\/p>\n","protected":false},"author":1,"featured_media":0,"parent":0,"menu_order":0,"comment_status":"closed","ping_status":"closed","template":"","meta":{"_uag_custom_page_level_css":"","footnotes":""},"class_list":["post-12","page","type-page","status-publish","hentry"],"uagb_featured_image_src":{"full":false,"thumbnail":false,"medium":false,"medium_large":false,"large":false,"1536x1536":false,"2048x2048":false},"uagb_author_info":{"display_name":"admin","author_link":"https:\/\/achilleus.endre.pri.ee\/kergejoustik\/author\/admin\/"},"uagb_comment_info":0,"uagb_excerpt":"Klassifikatsioon paraatletikas Para kergej\u00f5ustiku maailma klassifitseerimiss\u00fcsteemil on kaks peamist eesm\u00e4rki: Abik\u00f5lblikkuse kindlaksm\u00e4\u00e4ramineS\u00fcsteem m\u00e4\u00e4rab kindlaks, kes on sobilik v\u00f5istlema maailma kergej\u00f5ustiku para v\u00f5istlustel Spordiklasside jaotamineS\u00fcsteem kirjeldab meetodeid, kuidas jaotada k\u00f5lblikud sportlased spordiklassidesse. Eesm\u00e4rk on, et iga klass koosneks sportlastest, kellel on puudeid, mis p\u00f5hjustavad peamistel spordialadel &#8211; jooksmine, ratastoolis\u00f5it, h\u00fcpped ja visked &#8211; ligikaudu sama palju&hellip;","_links":{"self":[{"href":"https:\/\/achilleus.endre.pri.ee\/kergejoustik\/wp-json\/wp\/v2\/pages\/12","targetHints":{"allow":["GET"]}}],"collection":[{"href":"https:\/\/achilleus.endre.pri.ee\/kergejoustik\/wp-json\/wp\/v2\/pages"}],"about":[{"href":"https:\/\/achilleus.endre.pri.ee\/kergejoustik\/wp-json\/wp\/v2\/types\/page"}],"author":[{"embeddable":true,"href":"https:\/\/achilleus.endre.pri.ee\/kergejoustik\/wp-json\/wp\/v2\/users\/1"}],"replies":[{"embeddable":true,"href":"https:\/\/achilleus.endre.pri.ee\/kergejoustik\/wp-json\/wp\/v2\/comments?post=12"}],"version-history":[{"count":4,"href":"https:\/\/achilleus.endre.pri.ee\/kergejoustik\/wp-json\/wp\/v2\/pages\/12\/revisions"}],"predecessor-version":[{"id":50,"href":"https:\/\/achilleus.endre.pri.ee\/kergejoustik\/wp-json\/wp\/v2\/pages\/12\/revisions\/50"}],"wp:attachment":[{"href":"https:\/\/achilleus.endre.pri.ee\/kergejoustik\/wp-json\/wp\/v2\/media?parent=12"}],"curies":[{"name":"wp","href":"https:\/\/api.w.org\/{rel}","templated":true}]}}