{"id":36,"date":"2021-05-19T11:57:53","date_gmt":"2021-05-19T11:57:53","guid":{"rendered":"https:\/\/achilleus.endre.pri.ee\/kergejoustik\/?page_id=36"},"modified":"2021-05-19T11:57:53","modified_gmt":"2021-05-19T11:57:53","slug":"paraspordiala-kergejoustiku-tutvustus","status":"publish","type":"page","link":"https:\/\/achilleus.endre.pri.ee\/kergejoustik\/paraspordiala-kergejoustiku-tutvustus\/","title":{"rendered":"Paraspordiala kergej\u00f5ustiku tutvustus"},"content":{"rendered":"\n<figure class=\"wp-block-embed is-type-rich is-provider-uhendusliides wp-block-embed-uhendusliides wp-embed-aspect-16-9 wp-has-aspect-ratio\"><div class=\"wp-block-embed__wrapper\">\n<iframe loading=\"lazy\" title=\"Athletics - Impressions\" width=\"500\" height=\"281\" src=\"https:\/\/www.youtube.com\/embed\/fld6LtQc8mE?feature=oembed\" frameborder=\"0\" allow=\"accelerometer; autoplay; clipboard-write; encrypted-media; gyroscope; picture-in-picture; web-share\" referrerpolicy=\"strict-origin-when-cross-origin\" allowfullscreen><\/iframe>\n<\/div><\/figure>\n\n\n\n<p>Kergej\u00f5ustik on eesk\u00e4tt individuaalspordi liik, mis koondab endas ligikaudu 30 spordiala, mida varem jagati jooksuladeks (sprindid, kesk- ja pikamaajooksud) ning v\u00e4ljakualadeks (h\u00fcppe- ja heitealad). Kergej\u00f5ustikuga tegeleti algelisel kujul Egiptuses juba rohkem kui 4000 aastat tagasi ning esimesena harrastasid seda s\u00fcstemaatiliselt Kreetalased umbes 1500 eKr, neile j\u00e4rgnesid Ahhaia kreeklased. S\u00f5na \u201eatleet\u201c tuleneb kreeka s\u00f5nast athlos, mis t\u00e4hendab v\u00f5istlust ja s\u00f5na \u201estaadion\u201c tuleneb stadion\u2019ist, vanast Kreeka pikkusm\u00f5\u00f5dust, mis vastas umbes 180meetrile. N\u00fc\u00fcdisaegsele kergej\u00f5ustikule pandi alus Inglismaal, kus see arenes 17. sajandi l\u00f5pu ja 18. sajandi alguse paiku peamiselt jooksu- ja k\u00f5ndimisev\u00f5istlustena. Esimesed professionaalsed v\u00f5istlused ja m\u00f5\u00f5duv\u00f5tmised toimusid 19. sajandi hakul. Oxfordi ja Cambridge\u2019i \u00fclikoolide vaheliste v\u00f5istlustega tehti algust 1860. a paiku ning esimesed ametlikud Briti meistriv\u00f5istlused peeti 1866. Seej\u00e4rjel levis kergej\u00f5ustik Ameerika \u00dchendriikidesse ja Mandri- Euroopasse. Esimestel n\u00fc\u00fcdisol\u00fcmpiam\u00e4ngudel 1896. aastal v\u00f5etigi m\u00f5\u00f5tu peamiselt kergej\u00f5ustikus.<\/p>\n\n\n\n<p>Kergej\u00f5ustik on olnud paraol\u00fcmpiam\u00e4ngude kavas alates 1960. aastast ning meelitab alati kohale suurima arvu pealtvaatajaid. See ala pakub rohkelt erinevaid v\u00f5istlusalasid ning on avatud erinevate puuetega mees- ja naissportlastele.<\/p>\n\n\n\n<p>Sportlased v\u00f5istlevad igal alal klassides, mis neile on m\u00e4\u00e4ratud klassifikatsiooni k\u00e4igus. Osad v\u00f5istlevad ratastoolides ning osad proteesidega, n\u00e4gemispuudega sportlast abistab n\u00e4gijast abiline. Kergej\u00f5ustikku juhivad IPC ja IPC Kergej\u00f5ustiku Tehniline Komitee (the IPC Athletics Sports Technical Committee).<\/p>\n","protected":false},"excerpt":{"rendered":"<p>Kergej\u00f5ustik on eesk\u00e4tt individuaalspordi liik, mis koondab endas ligikaudu 30 spordiala, mida varem jagati jooksuladeks (sprindid, kesk- ja pikamaajooksud) ning v\u00e4ljakualadeks (h\u00fcppe- ja heitealad). Kergej\u00f5ustikuga tegeleti algelisel kujul Egiptuses juba rohkem kui 4000 aastat tagasi ning esimesena harrastasid seda s\u00fcstemaatiliselt Kreetalased umbes 1500 eKr, neile j\u00e4rgnesid Ahhaia kreeklased. S\u00f5na \u201eatleet\u201c tuleneb kreeka s\u00f5nast athlos, mis [&hellip;]<\/p>\n","protected":false},"author":1,"featured_media":0,"parent":0,"menu_order":0,"comment_status":"closed","ping_status":"closed","template":"","meta":{"_uag_custom_page_level_css":"","footnotes":""},"class_list":["post-36","page","type-page","status-publish","hentry"],"uagb_featured_image_src":{"full":false,"thumbnail":false,"medium":false,"medium_large":false,"large":false,"1536x1536":false,"2048x2048":false},"uagb_author_info":{"display_name":"admin","author_link":"https:\/\/achilleus.endre.pri.ee\/kergejoustik\/author\/admin\/"},"uagb_comment_info":0,"uagb_excerpt":"Kergej\u00f5ustik on eesk\u00e4tt individuaalspordi liik, mis koondab endas ligikaudu 30 spordiala, mida varem jagati jooksuladeks (sprindid, kesk- ja pikamaajooksud) ning v\u00e4ljakualadeks (h\u00fcppe- ja heitealad). Kergej\u00f5ustikuga tegeleti algelisel kujul Egiptuses juba rohkem kui 4000 aastat tagasi ning esimesena harrastasid seda s\u00fcstemaatiliselt Kreetalased umbes 1500 eKr, neile j\u00e4rgnesid Ahhaia kreeklased. S\u00f5na \u201eatleet\u201c tuleneb kreeka s\u00f5nast athlos, mis&hellip;","_links":{"self":[{"href":"https:\/\/achilleus.endre.pri.ee\/kergejoustik\/wp-json\/wp\/v2\/pages\/36","targetHints":{"allow":["GET"]}}],"collection":[{"href":"https:\/\/achilleus.endre.pri.ee\/kergejoustik\/wp-json\/wp\/v2\/pages"}],"about":[{"href":"https:\/\/achilleus.endre.pri.ee\/kergejoustik\/wp-json\/wp\/v2\/types\/page"}],"author":[{"embeddable":true,"href":"https:\/\/achilleus.endre.pri.ee\/kergejoustik\/wp-json\/wp\/v2\/users\/1"}],"replies":[{"embeddable":true,"href":"https:\/\/achilleus.endre.pri.ee\/kergejoustik\/wp-json\/wp\/v2\/comments?post=36"}],"version-history":[{"count":1,"href":"https:\/\/achilleus.endre.pri.ee\/kergejoustik\/wp-json\/wp\/v2\/pages\/36\/revisions"}],"predecessor-version":[{"id":38,"href":"https:\/\/achilleus.endre.pri.ee\/kergejoustik\/wp-json\/wp\/v2\/pages\/36\/revisions\/38"}],"wp:attachment":[{"href":"https:\/\/achilleus.endre.pri.ee\/kergejoustik\/wp-json\/wp\/v2\/media?parent=36"}],"curies":[{"name":"wp","href":"https:\/\/api.w.org\/{rel}","templated":true}]}}